{"id":57,"date":"2024-04-03T16:47:52","date_gmt":"2024-04-03T16:47:52","guid":{"rendered":"https:\/\/copriscam.campeche.gob.mx\/?page_id=57"},"modified":"2025-09-19T13:12:49","modified_gmt":"2025-09-19T19:12:49","slug":"inicio","status":"publish","type":"page","link":"https:\/\/copriscam.campeche.gob.mx\/","title":{"rendered":"Inicio"},"content":{"rendered":"<p>[et_pb_section fb_built=\u00bb1&#8243; fullwidth=\u00bbon\u00bb _builder_version=\u00bb4.26.0&#8243; _module_preset=\u00bbdefault\u00bb global_colors_info=\u00bb{}\u00bb][et_pb_fullwidth_post_slider include_categories=\u00bb14&#8243; more_text=\u00bbLeer M\u00e1s&#8230;\u00bb use_bg_overlay=\u00bboff\u00bb use_text_overlay=\u00bboff\u00bb module_id=\u00bbmi-slider\u00bb _builder_version=\u00bb4.27.4&#8243; _module_preset=\u00bbdefault\u00bb header_font=\u00bb|600|||||||\u00bb body_font=\u00bb||on||||||\u00bb body_font_size=\u00bb0px\u00bb meta_font=\u00bb|600|||||||\u00bb meta_text_color=\u00bbRGBA(255,255,255,0)\u00bb meta_font_size=\u00bb0px\u00bb custom_button=\u00bbon\u00bb button_text_color=\u00bb#FFFFFF\u00bb button_bg_color=\u00bb#9F2241&#8243; button_border_color=\u00bb#9F2241&#8243; button_border_radius=\u00bb5px\u00bb custom_css_free_form=\u00bb\/* Slider con proporci\u00f3n panor\u00e1mica 1280&#215;420 *\/||#mi-slider.et_pb_slider .et_pb_slide {||  position: relative;||  width: 100%;||  height: 0;||  padding-top: 32.8%; \/* relaci\u00f3n 1280&#215;420 *\/||  background-size: cover !important;||  background-position: center !important;||}||||\/* Centrar contenido dentro del slide *\/||#mi-slider.et_pb_slider .et_pb_slide .et_pb_container {||  position: absolute;||  top: 50%;||  left: 50%;||  transform: translate(-50%, -50%);||  width: 90%;||}||\u00bb global_colors_info=\u00bb{}\u00bb][\/et_pb_fullwidth_post_slider][\/et_pb_section][et_pb_section fb_built=\u00bb1&#8243; _builder_version=\u00bb4.19.2&#8243; background_color=\u00bb#91293a\u00bb custom_margin=\u00bb0px||||false|false\u00bb custom_padding=\u00bb0px||0px||false|false\u00bb global_colors_info=\u00bb{}\u00bb][et_pb_row column_structure=\u00bb1_3,1_3,1_3&#8243; _builder_version=\u00bb4.16&#8243; max_width=\u00bb80%\u00bb global_colors_info=\u00bb{}\u00bb][et_pb_column type=\u00bb1_3&#8243; _builder_version=\u00bb4.16&#8243; global_colors_info=\u00bb{}\u00bb][et_pb_blurb title=\u00bbCentro Integral de Servicios\u00bb use_icon=\u00bbon\u00bb font_icon=\u00bb&#xe074;||divi||400&#8243; icon_color=\u00bb#ffffff\u00bb icon_placement=\u00bbleft\u00bb _builder_version=\u00bb4.27.0&#8243; _dynamic_attributes=\u00bblink_option_url\u00bb header_font=\u00bb|700|||||||\u00bb header_text_color=\u00bb#ffffff\u00bb header_font_size=\u00bb17px\u00bb body_text_color=\u00bb#ffffff\u00bb link_option_url=\u00bb@ET-DC@eyJkeW5hbWljIjp0cnVlLCJjb250ZW50IjoicG9zdF9saW5rX3VybF9wYWdlIiwic2V0dGluZ3MiOnsicG9zdF9pZCI6IjEzMCJ9fQ==@\u00bb global_colors_info=\u00bb{}\u00bb]<\/p>\n<div class=\"et_pb_module et_pb_text et_pb_text_1  et_pb_text_align_left et_pb_bg_layout_light\">\n<div class=\"et_pb_text_inner\">\n<p style=\"text-align: left;\"><span>Espacio \u00fanico de atenci\u00f3n al usuario que permite proporcionarle informaci\u00f3n clara, completa y oportuna.<\/span><\/p>\n<\/div>\n<\/div>\n<p>[\/et_pb_blurb][\/et_pb_column][et_pb_column type=\u00bb1_3&#8243; _builder_version=\u00bb4.16&#8243; global_colors_info=\u00bb{}\u00bb][et_pb_blurb title=\u00bbCon\u00f3cenos\u00bb use_icon=\u00bbon\u00bb font_icon=\u00bb&#xf2b5;||fa||400&#8243; icon_color=\u00bb#ffffff\u00bb icon_placement=\u00bbleft\u00bb _builder_version=\u00bb4.27.0&#8243; _dynamic_attributes=\u00bblink_option_url\u00bb header_font=\u00bb|700|||||||\u00bb header_text_color=\u00bb#ffffff\u00bb header_font_size=\u00bb17px\u00bb body_text_color=\u00bb#ffffff\u00bb link_option_url=\u00bb@ET-DC@eyJkeW5hbWljIjp0cnVlLCJjb250ZW50IjoicG9zdF9saW5rX3VybF9wYWdlIiwic2V0dGluZ3MiOnsicG9zdF9pZCI6Ijc3In19@\u00bb global_colors_info=\u00bb{}\u00bb]<\/p>\n<p style=\"text-align: left;\"><span>Consulta nuesta Misi\u00f3n y Visi\u00f3n<\/span><\/p>\n<p>[\/et_pb_blurb][\/et_pb_column][et_pb_column type=\u00bb1_3&#8243; _builder_version=\u00bb4.16&#8243; global_colors_info=\u00bb{}\u00bb][et_pb_blurb title=\u00bbContenido de Multimedia\u00bb url_new_window=\u00bbon\u00bb use_icon=\u00bbon\u00bb font_icon=\u00bb&#xf87c;||fa||900&#8243; icon_color=\u00bb#ffffff\u00bb icon_placement=\u00bbleft\u00bb _builder_version=\u00bb4.27.0&#8243; _dynamic_attributes=\u00bblink_option_url\u00bb header_font=\u00bb|700|||||||\u00bb header_text_color=\u00bb#ffffff\u00bb header_font_size=\u00bb17px\u00bb body_text_color=\u00bb#ffffff\u00bb link_option_url=\u00bb@ET-DC@eyJkeW5hbWljIjp0cnVlLCJjb250ZW50IjoicG9zdF9saW5rX3VybF9wYWdlIiwic2V0dGluZ3MiOnsicG9zdF9pZCI6IjQ0NSJ9fQ==@\u00bb link_option_url_new_window=\u00bbon\u00bb global_colors_info=\u00bb{}\u00bb]<\/p>\n<p style=\"text-align: left;\">Apartado donde puedes descargar contenido multimedia relacionado a los normas reguladas por COPRISCAM.<\/p>\n<p>[\/et_pb_blurb][\/et_pb_column][\/et_pb_row][\/et_pb_section][et_pb_section fb_built=\u00bb1&#8243; fullwidth=\u00bbon\u00bb _builder_version=\u00bb4.26.0&#8243; _module_preset=\u00bbdefault\u00bb global_colors_info=\u00bb{}\u00bb][et_pb_fullwidth_post_slider posts_number=\u00bb6&#8243; include_categories=\u00bb5,1&#8243; more_text=\u00bbContinuar leyendo&#8230;\u00bb image_placement=\u00bbleft\u00bb _builder_version=\u00bb4.27.0&#8243; _module_preset=\u00bbdefault\u00bb header_font=\u00bb|600|||||||\u00bb header_text_align=\u00bbleft\u00bb header_font_size=\u00bb40px\u00bb body_text_align=\u00bbleft\u00bb meta_text_align=\u00bbcenter\u00bb custom_button=\u00bbon\u00bb button_text_color=\u00bb#FFFFFF\u00bb button_bg_color=\u00bb#9F2241&#8243; button_border_color=\u00bb#9F2241&#8243; button_border_radius=\u00bb5px\u00bb button_alignment=\u00bbcenter\u00bb border_radii_image=\u00bbon|5px|5px|5px|5px\u00bb global_colors_info=\u00bb{}\u00bb][\/et_pb_fullwidth_post_slider][\/et_pb_section][et_pb_section fb_built=\u00bb1&#8243; _builder_version=\u00bb4.27.0&#8243; background_enable_color=\u00bboff\u00bb custom_margin=\u00bb0px||0px||false|false\u00bb custom_padding=\u00bb0px||0px||false|false\u00bb global_colors_info=\u00bb{}\u00bb][et_pb_row column_structure=\u00bb1_4,1_4,1_4,1_4&#8243; use_custom_gutter=\u00bbon\u00bb gutter_width=\u00bb1&#8243; make_equal=\u00bbon\u00bb padding_top_bottom_link_2=\u00bbtrue\u00bb padding_top_bottom_link_3=\u00bbtrue\u00bb padding_left_right_link_2=\u00bbtrue\u00bb padding_left_right_link_3=\u00bbtrue\u00bb _builder_version=\u00bb4.27.4&#8243; width=\u00bb100%\u00bb max_width=\u00bb100%\u00bb custom_margin=\u00bb0px|auto|0px|auto|true|false\u00bb custom_padding=\u00bb0px||0px||true|false\u00bb animation_style=\u00bbslide\u00bb animation_duration=\u00bb650ms\u00bb global_colors_info=\u00bb{}\u00bb][et_pb_column type=\u00bb1_4&#8243; _builder_version=\u00bb4.27.4&#8243; background_color=\u00bb#9F2241&#8243; background_image=\u00bbhttps:\/\/copriscam.campeche.gob.mx\/wp-content\/uploads\/2024\/12\/TRANSPARENCIA-1.png\u00bb background_size=\u00bbcustom\u00bb background_image_width=\u00bb55%\u00bb custom_padding=\u00bb70px|50px|70px|50px|false|false\u00bb filter_saturate=\u00bb123%\u00bb global_colors_info=\u00bb{}\u00bb custom_padding__hover=\u00bb|||\u00bb][et_pb_blurb title=\u00bbTransparencia \u00bb icon_placement=\u00bbleft\u00bb module_class=\u00bbenlace-per\u00bb _builder_version=\u00bb4.27.4&#8243; _module_preset=\u00bbdefault\u00bb header_text_align=\u00bbleft\u00bb header_text_color=\u00bb#FFFFFF\u00bb body_text_align=\u00bbcenter\u00bb body_text_color=\u00bb#ffffff\u00bb hover_enabled=\u00bb0&#8243; global_colors_info=\u00bb{}\u00bb sticky_enabled=\u00bb0&#8243;]<\/p>\n<p style=\"text-align: left;\"><a href=\"https:\/\/copriscam.campeche.gob.mx\/wp-content\/uploads\/2025\/09\/Aviso-de-Privacidad-Integral-BD-CIS.pdf\" target=\"_blank\" rel=\"noopener\" title=\"Aviso Privacidad Integral BD CIS\">Aviso Privacidad Integral BD CIS<\/a><\/p>\n<p style=\"text-align: left;\"><a href=\"https:\/\/copriscam.campeche.gob.mx\/wp-content\/uploads\/2025\/09\/Aviso-de-Privacidad-Integral-BD-Videograbaciones.pdf\" target=\"_blank\" rel=\"noopener\" title=\"Aviso Privacidad Integral Video\">Aviso Privacidad Integral Video<\/a><\/p>\n<p style=\"text-align: left;\"><a href=\"https:\/\/copriscam.campeche.gob.mx\/wp-content\/uploads\/2025\/09\/Aviso-Simplificado-BD-CIS.pdf\" target=\"_blank\" rel=\"noopener\" title=\"Aviso Privacidad Simplificado BD CIS\">Aviso Privacidad Simplificado BD CIS<\/a><\/p>\n<p style=\"text-align: left;\"><a href=\"https:\/\/copriscam.campeche.gob.mx\/wp-content\/uploads\/2025\/09\/Aviso-Simplificado-BD-Videograbaciones.pdf\" target=\"_blank\" rel=\"noopener\" title=\"Aviso Privacidad Simplificado Video\">Aviso Privacidad Simplificado Video<\/a><\/p>\n<p style=\"text-align: left;\"><a href=\"https:\/\/copriscam.campeche.gob.mx\/wp-content\/uploads\/2025\/09\/Aviso-Simplificado-VS.pdf\" title=\"Aviso simplificado VS\">Aviso simplificado VS<\/a><\/p>\n<p style=\"text-align: left;\"><a href=\"https:\/\/copriscam.campeche.gob.mx\/wp-content\/uploads\/2025\/09\/Aviso-de-Privacidad-Integral-Vigilancia-Sanitaria.pdf\" title=\"Aviso de Privacidad Integral Vigilancia Sanitaria\">Aviso de Privacidad Integral Vigilancia Sanitaria<\/a><\/p>\n<p style=\"text-align: left;\"><a href=\"\/wp-content\/uploads\/2025\/08\/1-Reportes-2024.pdf\">1er Reporte 2024<\/a><\/p>\n<p style=\"text-align: left;\"><a href=\"\/wp-content\/uploads\/2025\/08\/2-Reportes-2024.pdf\">2do Reporte 2024<\/a><\/p>\n<p style=\"text-align: left;\"><a href=\"\/wp-content\/uploads\/2025\/08\/3-Reportes-2024.pdf\">3er Reporte 2024<\/a><\/p>\n<p>&nbsp;<\/p>\n<p>[\/et_pb_blurb][\/et_pb_column][et_pb_column type=\u00bb1_4&#8243; _builder_version=\u00bb4.27.4&#8243; background_color=\u00bb#a3a3a3&#8243; background_image=\u00bbhttps:\/\/copriscam.campeche.gob.mx\/wp-content\/uploads\/2024\/12\/ENLACES-1.png\u00bb background_size=\u00bbcustom\u00bb background_image_width=\u00bb55%\u00bb custom_padding=\u00bb70px|50px|70px|50px\u00bb border_color_all=\u00bb#e2e2e2&#8243; global_colors_info=\u00bb{}\u00bb custom_padding__hover=\u00bb|||\u00bb][et_pb_blurb title=\u00bbENLACES\u00bb icon_placement=\u00bbleft\u00bb module_class=\u00bbenlace-per\u00bb _builder_version=\u00bb4.27.4&#8243; _module_preset=\u00bbdefault\u00bb header_text_align=\u00bbleft\u00bb header_text_color=\u00bb#ffffff\u00bb body_text_align=\u00bbcenter\u00bb body_text_color=\u00bb#ffffff\u00bb custom_margin=\u00bb0px||0px||true|false\u00bb link_option_url=\u00bbhttps:\/\/ucs.campeche.gob.mx\/\u00bb custom_css_free_form=\u00bb.enlace-per a{||  color:#ffffff;||}\u00bb global_colors_info=\u00bb{}\u00bb]<\/p>\n<p><a href=\"https:\/\/tramiteselectronicos02.cofepris.gob.mx\/FrontEndNuevoPortal\/login.aspx\">Tr\u00e1mites electr\u00f3nicos DIGIPRIS<\/a><\/p>\n<p><a href=\"https:\/\/digipris.cofepris.gob.mx\/registro\">DIGIPRiS: Plataforma de Tr\u00e1mites y Servicios de la COFEPRIS<\/a><\/p>\n<p>&nbsp;<\/p>\n<p>[\/et_pb_blurb][\/et_pb_column][et_pb_column type=\u00bb1_4&#8243; _builder_version=\u00bb4.27.4&#8243; background_color=\u00bb#8f8f8f\u00bb background_image=\u00bbhttps:\/\/copriscam.campeche.gob.mx\/wp-content\/uploads\/2024\/12\/DENUNCIA-1.png\u00bb background_size=\u00bbcustom\u00bb background_image_width=\u00bb55%\u00bb custom_padding=\u00bb70px|50px|70px|50px\u00bb global_colors_info=\u00bb{}\u00bb custom_padding__hover=\u00bb|||\u00bb][et_pb_blurb title=\u00bbDENUNCIAS\u00bb icon_placement=\u00bbleft\u00bb _builder_version=\u00bb4.27.4&#8243; _module_preset=\u00bbdefault\u00bb header_text_align=\u00bbleft\u00bb header_text_color=\u00bb#ffffff\u00bb body_text_align=\u00bbcenter\u00bb body_text_color=\u00bb#ffffff\u00bb link_option_url=\u00bbhttps:\/\/denuncias-copriscam.campeche.gob.mx\/\u00bb global_colors_info=\u00bb{}\u00bb]<\/p>\n<p>Denuncias Ciudadanas<\/p>\n<p>[\/et_pb_blurb][\/et_pb_column][et_pb_column type=\u00bb1_4&#8243; _builder_version=\u00bb4.27.4&#8243; background_color=\u00bb#6b6b6b\u00bb background_image=\u00bbhttps:\/\/copriscam.campeche.gob.mx\/wp-content\/uploads\/2024\/12\/ORGANI-1.png\u00bb background_size=\u00bbcustom\u00bb background_image_width=\u00bb55%\u00bb custom_padding=\u00bb70px|50px|70px|50px\u00bb global_colors_info=\u00bb{}\u00bb custom_padding__hover=\u00bb|||\u00bb][et_pb_blurb title=\u00bbESTRUCTURA ORG\u00c1NICA\u00bb icon_placement=\u00bbleft\u00bb _builder_version=\u00bb4.27.0&#8243; _dynamic_attributes=\u00bblink_option_url\u00bb _module_preset=\u00bbdefault\u00bb header_text_align=\u00bbleft\u00bb header_text_color=\u00bb#ffffff\u00bb body_text_align=\u00bbcenter\u00bb body_text_color=\u00bb#ffffff\u00bb link_option_url=\u00bb@ET-DC@eyJkeW5hbWljIjp0cnVlLCJjb250ZW50IjoicG9zdF9saW5rX3VybF9wYWdlIiwic2V0dGluZ3MiOnsicG9zdF9pZCI6IjEyMyJ9fQ==@\u00bb global_colors_info=\u00bb{}\u00bb]<\/p>\n<p>Acuerdo de Creaci\u00f3n. Manual de Organizaci\u00f3n<\/p>\n<p>[\/et_pb_blurb][\/et_pb_column][\/et_pb_row][\/et_pb_section][et_pb_section fb_built=\u00bb1&#8243; _builder_version=\u00bb4.27.0&#8243; _module_preset=\u00bbdefault\u00bb background_color=\u00bbRGBA(255,255,255,0)\u00bb background_enable_image=\u00bboff\u00bb background_size=\u00bbcontain\u00bb global_colors_info=\u00bb{}\u00bb][et_pb_row column_structure=\u00bb1_4,1_4,1_4,1_4&#8243; _builder_version=\u00bb4.26.0&#8243; _module_preset=\u00bbdefault\u00bb global_colors_info=\u00bb{}\u00bb][et_pb_column type=\u00bb1_4&#8243; _builder_version=\u00bb4.26.0&#8243; _module_preset=\u00bbdefault\u00bb global_colors_info=\u00bb{}\u00bb][et_pb_image src=\u00bbhttps:\/\/copriscam.campeche.gob.mx\/wp-content\/uploads\/2024\/07\/encuesta-de-calidad.jpg\u00bb title_text=\u00bbencuesta de calidad\u00bb show_in_lightbox=\u00bbon\u00bb _builder_version=\u00bb4.27.0&#8243; _module_preset=\u00bbdefault\u00bb animation_style=\u00bbslide\u00bb animation_direction=\u00bbleft\u00bb global_colors_info=\u00bb{}\u00bb][\/et_pb_image][\/et_pb_column][et_pb_column type=\u00bb1_4&#8243; _builder_version=\u00bb4.26.0&#8243; _module_preset=\u00bbdefault\u00bb global_colors_info=\u00bb{}\u00bb][et_pb_image src=\u00bbhttps:\/\/copriscam.campeche.gob.mx\/wp-content\/uploads\/2024\/08\/DENUNCIA-2.jpg\u00bb title_text=\u00bbDENUNCIA 2&#8243; url=\u00bb@ET-DC@eyJkeW5hbWljIjp0cnVlLCJjb250ZW50IjoicG9zdF9saW5rX3VybF9wYWdlIiwic2V0dGluZ3MiOnsicG9zdF9pZCI6IjM2NzAifX0=@\u00bb _builder_version=\u00bb4.27.0&#8243; _dynamic_attributes=\u00bburl\u00bb _module_preset=\u00bbdefault\u00bb animation_style=\u00bbslide\u00bb global_colors_info=\u00bb{}\u00bb][\/et_pb_image][\/et_pb_column][et_pb_column type=\u00bb1_4&#8243; _builder_version=\u00bb4.26.0&#8243; _module_preset=\u00bbdefault\u00bb global_colors_info=\u00bb{}\u00bb][et_pb_image src=\u00bbhttps:\/\/copriscam.campeche.gob.mx\/wp-content\/uploads\/2024\/07\/BUZON-DE-QUEJAS-Y-SUG.jpg\u00bb title_text=\u00bbBUZON DE QUEJAS Y SUG\u00bb url=\u00bb@ET-DC@eyJkeW5hbWljIjp0cnVlLCJjb250ZW50IjoicG9zdF9saW5rX3VybF9wYWdlIiwic2V0dGluZ3MiOnsicG9zdF9pZCI6IjM0NDYifX0=@\u00bb _builder_version=\u00bb4.27.4&#8243; _dynamic_attributes=\u00bburl\u00bb _module_preset=\u00bbdefault\u00bb animation_style=\u00bbslide\u00bb animation_direction=\u00bbright\u00bb global_colors_info=\u00bb{}\u00bb][\/et_pb_image][\/et_pb_column][et_pb_column type=\u00bb1_4&#8243; _builder_version=\u00bb4.26.0&#8243; _module_preset=\u00bbdefault\u00bb global_colors_info=\u00bb{}\u00bb][et_pb_image src=\u00bbhttps:\/\/copriscam.campeche.gob.mx\/wp-content\/uploads\/2025\/02\/MANUALDE-PROCEDIMIENTOS.jpg\u00bb title_text=\u00bbMANUALDE PROCEDIMIENTOS\u00bb url=\u00bb\/?page_id=4737&#8243; url_new_window=\u00bbon\u00bb _builder_version=\u00bb4.27.4&#8243; _module_preset=\u00bbdefault\u00bb animation_style=\u00bbslide\u00bb global_colors_info=\u00bb{}\u00bb][\/et_pb_image][\/et_pb_column][\/et_pb_row][\/et_pb_section]<\/p>\n","protected":false},"excerpt":{"rendered":"<p>Espacio \u00fanico de atenci\u00f3n al usuario que permite proporcionarle informaci\u00f3n clara, completa y oportuna. Consulta nuesta Misi\u00f3n y Visi\u00f3nApartado donde puedes descargar contenido multimedia relacionado a los normas reguladas por COPRISCAM.Aviso Privacidad Integral BD CIS Aviso Privacidad Integral Video Aviso Privacidad Simplificado BD CIS Aviso Privacidad Simplificado Video Aviso simplificado VS Aviso de Privacidad Integral [&hellip;]<\/p>\n","protected":false},"author":1,"featured_media":0,"parent":0,"menu_order":0,"comment_status":"closed","ping_status":"closed","template":"","meta":{"_acf_changed":false,"_et_pb_use_builder":"on","_et_pb_old_content":"","_et_gb_content_width":"","footnotes":""},"class_list":["post-57","page","type-page","status-publish","hentry"],"acf":[],"_links":{"self":[{"href":"https:\/\/copriscam.campeche.gob.mx\/index.php?rest_route=\/wp\/v2\/pages\/57"}],"collection":[{"href":"https:\/\/copriscam.campeche.gob.mx\/index.php?rest_route=\/wp\/v2\/pages"}],"about":[{"href":"https:\/\/copriscam.campeche.gob.mx\/index.php?rest_route=\/wp\/v2\/types\/page"}],"author":[{"embeddable":true,"href":"https:\/\/copriscam.campeche.gob.mx\/index.php?rest_route=\/wp\/v2\/users\/1"}],"replies":[{"embeddable":true,"href":"https:\/\/copriscam.campeche.gob.mx\/index.php?rest_route=%2Fwp%2Fv2%2Fcomments&post=57"}],"version-history":[{"count":45,"href":"https:\/\/copriscam.campeche.gob.mx\/index.php?rest_route=\/wp\/v2\/pages\/57\/revisions"}],"predecessor-version":[{"id":5513,"href":"https:\/\/copriscam.campeche.gob.mx\/index.php?rest_route=\/wp\/v2\/pages\/57\/revisions\/5513"}],"wp:attachment":[{"href":"https:\/\/copriscam.campeche.gob.mx\/index.php?rest_route=%2Fwp%2Fv2%2Fmedia&parent=57"}],"curies":[{"name":"wp","href":"https:\/\/api.w.org\/{rel}","templated":true}]}}